{"id":1025,"date":"2025-02-26T09:49:31","date_gmt":"2025-02-26T09:49:31","guid":{"rendered":"https:\/\/abr-bwv.so-com.eu\/nationale-comites\/"},"modified":"2025-04-08T14:19:52","modified_gmt":"2025-04-08T14:19:52","slug":"nationale-comites","status":"publish","type":"page","link":"https:\/\/abr-bwv.be\/nl\/nationale-comites\/","title":{"rendered":"Nationale comit\u00e9s"},"content":{"rendered":"\t\t<div data-elementor-type=\"wp-page\" data-elementor-id=\"1025\" class=\"elementor elementor-1025 elementor-238\" data-elementor-post-type=\"page\">\n\t\t\t\t<div class=\"elementor-element elementor-element-0bd6ba3 e-flex e-con-boxed e-con e-parent\" data-id=\"0bd6ba3\" data-element_type=\"container\">\n\t\t\t\t\t<div class=\"e-con-inner\">\n\t\t<div class=\"elementor-element elementor-element-a625a68 e-con-full e-flex e-con e-child\" data-id=\"a625a68\" data-element_type=\"container\" data-settings=\"{&quot;background_background&quot;:&quot;classic&quot;}\">\n\t\t<div class=\"elementor-element elementor-element-c1823ed e-con-full e-flex e-con e-child\" data-id=\"c1823ed\" data-element_type=\"container\" data-settings=\"{&quot;background_background&quot;:&quot;classic&quot;}\">\n\t\t\t\t<\/div>\n\t\t\t\t<\/div>\n\t\t<div class=\"elementor-element elementor-element-bb787fb e-con-full animated-slow e-flex elementor-invisible e-con e-child\" data-id=\"bb787fb\" data-element_type=\"container\" data-settings=\"{&quot;background_background&quot;:&quot;classic&quot;,&quot;animation&quot;:&quot;fadeInLeft&quot;}\">\n\t\t\t\t<div class=\"elementor-element elementor-element-95ce5fd elementor-widget elementor-widget-heading\" data-id=\"95ce5fd\" data-element_type=\"widget\" data-widget_type=\"heading.default\">\n\t\t\t\t<div class=\"elementor-widget-container\">\n\t\t\t\t\t<h1 class=\"elementor-heading-title elementor-size-default\">Nationale comit\u00e9s<\/h1>\t\t\t\t<\/div>\n\t\t\t\t<\/div>\n\t\t\t\t<\/div>\n\t\t\t\t\t<\/div>\n\t\t\t\t<\/div>\n\t\t<div class=\"elementor-element elementor-element-494315a e-flex e-con-boxed e-con e-parent\" data-id=\"494315a\" data-element_type=\"container\">\n\t\t\t\t\t<div class=\"e-con-inner\">\n\t\t<div class=\"elementor-element elementor-element-f8b506d e-con-full e-flex elementor-invisible e-con e-child\" data-id=\"f8b506d\" data-element_type=\"container\" data-settings=\"{&quot;animation&quot;:&quot;fadeInUp&quot;}\">\n\t\t<div class=\"elementor-element elementor-element-90fb17b e-con-full e-flex e-con e-child\" data-id=\"90fb17b\" data-element_type=\"container\">\n\t\t<div class=\"elementor-element elementor-element-9e02af2 e-con-full e-flex e-con e-child\" data-id=\"9e02af2\" data-element_type=\"container\">\n\t\t<div class=\"elementor-element elementor-element-76c5785 e-con-full e-flex e-con e-child\" data-id=\"76c5785\" data-element_type=\"container\" data-settings=\"{&quot;background_background&quot;:&quot;classic&quot;}\">\n\t\t\t\t<div class=\"elementor-element elementor-element-597b1f7 elementor-widget elementor-widget-text-editor\" data-id=\"597b1f7\" data-element_type=\"widget\" data-widget_type=\"text-editor.default\">\n\t\t\t\t<div class=\"elementor-widget-container\">\n\t\t\t\t\t\t\t\t\t<p>01<\/p>\t\t\t\t\t\t\t\t<\/div>\n\t\t\t\t<\/div>\n\t\t\t\t<\/div>\n\t\t<div class=\"elementor-element elementor-element-380511a e-con-full e-flex e-con e-child\" data-id=\"380511a\" data-element_type=\"container\" data-settings=\"{&quot;background_background&quot;:&quot;classic&quot;}\">\n\t\t\t\t<div class=\"elementor-element elementor-element-6ec6c00 elementor-widget elementor-widget-heading\" data-id=\"6ec6c00\" data-element_type=\"widget\" data-widget_type=\"heading.default\">\n\t\t\t\t<div class=\"elementor-widget-container\">\n\t\t\t\t\t<h2 class=\"elementor-heading-title elementor-size-default\">Doelstellingen\n<\/h2>\t\t\t\t<\/div>\n\t\t\t\t<\/div>\n\t\t\t\t<\/div>\n\t\t\t\t<\/div>\n\t\t\t\t<\/div>\n\t\t<div class=\"elementor-element elementor-element-11770d9 e-con-full e-flex e-con e-child\" data-id=\"11770d9\" data-element_type=\"container\">\n\t\t\t\t<div class=\"elementor-element elementor-element-1ead64c elementor-widget elementor-widget-text-editor\" data-id=\"1ead64c\" data-element_type=\"widget\" data-widget_type=\"text-editor.default\">\n\t\t\t\t<div class=\"elementor-widget-container\">\n\t\t\t\t\t\t\t\t\t<p>Om de samenwerking tussen de verschillende PIARC-leden binnen \u00e9\u00e9n land (gewestelijke overheden, collectieve leden, individuele leden) alsook tussen de experten benoemd in de Technische Comit\u00e9s te bevorderen, hebben meerdere landen een Nationaal Comit\u00e9 opgericht. Momenteel zijn nationale comit\u00e9s actief in ongeveer 48 landen. <br><br>Een Nationaal Comit\u00e9 bevordert in toenemende mate de deelname van de gemeenschap van experten aan de activiteiten van PIARC en vormt een lokale band voor de professionals actief in de weg- en vervoersector: de overheid, de wegenadministratie, de nationale wegenagentschappen, de dienstverlenende bedrijven, de universiteiten, de onderzoekscentra en de vertegenwoordigers van de private sector.<\/p>\t\t\t\t\t\t\t\t<\/div>\n\t\t\t\t<\/div>\n\t\t\t\t<\/div>\n\t\t\t\t<\/div>\n\t\t<div class=\"elementor-element elementor-element-f11d8a5 e-con-full e-flex elementor-invisible e-con e-child\" data-id=\"f11d8a5\" data-element_type=\"container\" data-settings=\"{&quot;animation&quot;:&quot;fadeInUp&quot;,&quot;animation_delay&quot;:500}\">\n\t\t<div class=\"elementor-element elementor-element-446a58d e-con-full e-flex e-con e-child\" data-id=\"446a58d\" data-element_type=\"container\">\n\t\t<div class=\"elementor-element elementor-element-a49e0c2 e-con-full e-flex e-con e-child\" data-id=\"a49e0c2\" data-element_type=\"container\">\n\t\t<div class=\"elementor-element elementor-element-9d4066f e-con-full e-flex e-con e-child\" data-id=\"9d4066f\" data-element_type=\"container\" data-settings=\"{&quot;background_background&quot;:&quot;classic&quot;}\">\n\t\t\t\t<div class=\"elementor-element elementor-element-698238a elementor-widget elementor-widget-text-editor\" data-id=\"698238a\" data-element_type=\"widget\" data-widget_type=\"text-editor.default\">\n\t\t\t\t<div class=\"elementor-widget-container\">\n\t\t\t\t\t\t\t\t\t<p>02<\/p>\t\t\t\t\t\t\t\t<\/div>\n\t\t\t\t<\/div>\n\t\t\t\t<\/div>\n\t\t<div class=\"elementor-element elementor-element-0fce67f e-con-full e-flex e-con e-child\" data-id=\"0fce67f\" data-element_type=\"container\" data-settings=\"{&quot;background_background&quot;:&quot;classic&quot;}\">\n\t\t\t\t<div class=\"elementor-element elementor-element-ff41713 elementor-widget elementor-widget-heading\" data-id=\"ff41713\" data-element_type=\"widget\" data-widget_type=\"heading.default\">\n\t\t\t\t<div class=\"elementor-widget-container\">\n\t\t\t\t\t<h2 class=\"elementor-heading-title elementor-size-default\">Missie<\/h2>\t\t\t\t<\/div>\n\t\t\t\t<\/div>\n\t\t\t\t<\/div>\n\t\t\t\t<\/div>\n\t\t\t\t<\/div>\n\t\t<div class=\"elementor-element elementor-element-7ac9311 e-con-full e-flex e-con e-child\" data-id=\"7ac9311\" data-element_type=\"container\">\n\t\t\t\t<div class=\"elementor-element elementor-element-1aaf993 elementor-widget elementor-widget-text-editor\" data-id=\"1aaf993\" data-element_type=\"widget\" data-widget_type=\"text-editor.default\">\n\t\t\t\t<div class=\"elementor-widget-container\">\n\t\t\t\t\t\t\t\t\t<p>De nationale comit\u00e9s dragen bij tot het verspreiden van de verwezenlijkingen van PIARC. Ze organiseren lokale activiteiten, zoals bijeenkomsten en conferenties, beheren de lidmaatschappen en nemen administratieve functies waar binnen hun eigen land.<\/p><p>De BWV vervult deze rol volledig in Belgi\u00eb.<\/p><p>De regeringen van de lidstaten van de World Road Association, PIARC worden vertegenwoordigd door de &#8216;<strong>Eerste Afgevaardigden<\/strong>&#8216;. Op het niveau van de BWV is de voorzitter de Eerste Afgevaardigde van Belgi\u00eb.<\/p><p>Momenteel wordt deze functie vervuld door <strong>mevrouw Kathy Vandenmeersschaut<\/strong> (administrateur-generaal van AWV).<\/p>\t\t\t\t\t\t\t\t<\/div>\n\t\t\t\t<\/div>\n\t\t\t\t<\/div>\n\t\t\t\t<\/div>\n\t\t\t\t\t<\/div>\n\t\t\t\t<\/div>\n\t\t\t\t<\/div>\n\t\t","protected":false},"excerpt":{"rendered":"<p>Nationale comit\u00e9s 01 Doelstellingen Om de samenwerking tussen de verschillende PIARC-leden binnen \u00e9\u00e9n land (gewestelijke overheden, collectieve leden, individuele leden) alsook tussen de experten benoemd in de Technische Comit\u00e9s te bevorderen, hebben meerdere landen een Nationaal Comit\u00e9 opgericht. Momenteel zijn nationale comit\u00e9s actief in ongeveer 48 landen. Een Nationaal Comit\u00e9 bevordert in toenemende mate de [&hellip;]<\/p>\n","protected":false},"author":2,"featured_media":0,"parent":0,"menu_order":0,"comment_status":"closed","ping_status":"closed","template":"elementor_header_footer","meta":{"_acf_changed":false,"footnotes":""},"class_list":["post-1025","page","type-page","status-publish","hentry"],"acf":[],"_links":{"self":[{"href":"https:\/\/abr-bwv.be\/nl\/wp-json\/wp\/v2\/pages\/1025","targetHints":{"allow":["GET"]}}],"collection":[{"href":"https:\/\/abr-bwv.be\/nl\/wp-json\/wp\/v2\/pages"}],"about":[{"href":"https:\/\/abr-bwv.be\/nl\/wp-json\/wp\/v2\/types\/page"}],"author":[{"embeddable":true,"href":"https:\/\/abr-bwv.be\/nl\/wp-json\/wp\/v2\/users\/2"}],"replies":[{"embeddable":true,"href":"https:\/\/abr-bwv.be\/nl\/wp-json\/wp\/v2\/comments?post=1025"}],"version-history":[{"count":2,"href":"https:\/\/abr-bwv.be\/nl\/wp-json\/wp\/v2\/pages\/1025\/revisions"}],"predecessor-version":[{"id":1752,"href":"https:\/\/abr-bwv.be\/nl\/wp-json\/wp\/v2\/pages\/1025\/revisions\/1752"}],"wp:attachment":[{"href":"https:\/\/abr-bwv.be\/nl\/wp-json\/wp\/v2\/media?parent=1025"}],"curies":[{"name":"wp","href":"https:\/\/api.w.org\/{rel}","templated":true}]}}